{"id":2580,"date":"2017-10-07T19:31:57","date_gmt":"2017-10-07T19:31:57","guid":{"rendered":"https:\/\/www.gartenwerkstadt.de\/?page_id=2580"},"modified":"2018-09-12T14:24:16","modified_gmt":"2018-09-12T14:24:16","slug":"taschengarten-2018","status":"publish","type":"page","link":"https:\/\/www.gartenwerkstadt.de\/index.php\/taschengarten-2018\/","title":{"rendered":"taschenGARTEN 2018"},"content":{"rendered":"<p style=\"text-align: left;\"><strong>Vielfalt macht\u2018s!<\/strong><br \/>\nIm letzten Jahrhundert ist in den Industriel\u00e4ndern etwa 90% der Nutzpflanzenvielfalt verloren gegangen. Viele Wildpflanzen und Wildtiere sind ausgestorben oder vom Aussterben bedroht. Woran liegt das und warum ist Vielfalt im Garten und auf dem Acker so wichtig?<br \/>\nDer taschenGARTEN ist ein pers\u00f6nlicher Terminplaner und politischer Gartenkalender mit einer w\u00f6chentlichen Anbauplanung f\u00fcr den (Gem\u00fcse-)garten. 2018 stellt er viele konkrete Beispiele vor, wie Vielfalt in den Garten gebracht und erhalten werden kann. Au\u00dferdem ist er voller Hintergrundinfos zu Vielfalt im Kontext Landwirtschaft.<a href=\"https:\/\/www.gartenwerkstadt.de\/wp-content\/uploads\/2017\/10\/Folie1.jpeg\"><img loading=\"lazy\" decoding=\"async\" class=\"alignnone size-large wp-image-2638\" src=\"https:\/\/www.gartenwerkstadt.de\/wp-content\/uploads\/2017\/10\/Folie1-1024x301.jpeg\" alt=\"\" width=\"1000\" height=\"294\" srcset=\"https:\/\/www.gartenwerkstadt.de\/wp-content\/uploads\/2017\/10\/Folie1-1024x301.jpeg 1024w, https:\/\/www.gartenwerkstadt.de\/wp-content\/uploads\/2017\/10\/Folie1-300x88.jpeg 300w, https:\/\/www.gartenwerkstadt.de\/wp-content\/uploads\/2017\/10\/Folie1-768x226.jpeg 768w, https:\/\/www.gartenwerkstadt.de\/wp-content\/uploads\/2017\/10\/Folie1-600x176.jpeg 600w, https:\/\/www.gartenwerkstadt.de\/wp-content\/uploads\/2017\/10\/Folie1-500x147.jpeg 500w, https:\/\/www.gartenwerkstadt.de\/wp-content\/uploads\/2017\/10\/Folie1.jpeg 1396w\" sizes=\"(max-width: 1000px) 100vw, 1000px\" \/><\/a><a href=\"https:\/\/www.gartenwerkstadt.de\/wp-content\/uploads\/2017\/10\/tG_2018_S.14-30.pdf\">tG_2018_S.14-30<\/a><\/p>\n<p><a href=\"https:\/\/www.gartenwerkstadt.de\/wp-content\/uploads\/2017\/10\/tG_2018_Kalenderteil.pdf\">tG_2018_Kalenderteil<\/a><\/p>\n<p style=\"text-align: left;\"><a href=\"https:\/\/www.gartenwerkstadt.de\/wp-content\/uploads\/2017\/10\/tG_2018_S.158-169.pdf\">tG_2018_S.158-169<\/a><\/p>\n<p style=\"text-align: left;\">\n<p style=\"text-align: left;\">\n","protected":false},"excerpt":{"rendered":"<p>Vielfalt macht\u2018s! Im letzten Jahrhundert ist in den Industriel\u00e4ndern etwa 90% der Nutzpflanzenvielfalt verloren gegangen. Viele Wildpflanzen und Wildtiere sind ausgestorben oder vom Aussterben bedroht. Woran liegt das und warum ist Vielfalt im Garten und auf dem Acker so wichtig? &hellip; <a class=\"more-link\" href=\"https:\/\/www.gartenwerkstadt.de\/index.php\/taschengarten-2018\/\">Weiterlesen <span class=\"meta-nav\">&rarr;<\/span><\/a><\/p>\n","protected":false},"author":1,"featured_media":0,"parent":0,"menu_order":0,"comment_status":"closed","ping_status":"closed","template":"","meta":{"footnotes":""},"_links":{"self":[{"href":"https:\/\/www.gartenwerkstadt.de\/index.php\/wp-json\/wp\/v2\/pages\/2580"}],"collection":[{"href":"https:\/\/www.gartenwerkstadt.de\/index.php\/wp-json\/wp\/v2\/pages"}],"about":[{"href":"https:\/\/www.gartenwerkstadt.de\/index.php\/wp-json\/wp\/v2\/types\/page"}],"author":[{"embeddable":true,"href":"https:\/\/www.gartenwerkstadt.de\/index.php\/wp-json\/wp\/v2\/users\/1"}],"replies":[{"embeddable":true,"href":"https:\/\/www.gartenwerkstadt.de\/index.php\/wp-json\/wp\/v2\/comments?post=2580"}],"version-history":[{"count":9,"href":"https:\/\/www.gartenwerkstadt.de\/index.php\/wp-json\/wp\/v2\/pages\/2580\/revisions"}],"predecessor-version":[{"id":3212,"href":"https:\/\/www.gartenwerkstadt.de\/index.php\/wp-json\/wp\/v2\/pages\/2580\/revisions\/3212"}],"wp:attachment":[{"href":"https:\/\/www.gartenwerkstadt.de\/index.php\/wp-json\/wp\/v2\/media?parent=2580"}],"curies":[{"name":"wp","href":"https:\/\/api.w.org\/{rel}","templated":true}]}}